{"id":706,"date":"2022-05-02T15:45:41","date_gmt":"2022-05-02T15:45:41","guid":{"rendered":"https:\/\/catedramasmovil.uc3m.es\/home\/"},"modified":"2022-11-08T13:22:59","modified_gmt":"2022-11-08T13:22:59","slug":"home","status":"publish","type":"page","link":"https:\/\/catedramasmovil.uc3m.es\/en\/","title":{"rendered":"Home"},"content":{"rendered":"<p>[et_pb_section fb_built=&#8221;1&#8243; admin_label=&#8221;Contact&#8221; _builder_version=&#8221;4.18.0&#8243; use_background_color_gradient=&#8221;on&#8221; background_color_gradient_stops=&#8221;rgba(0,0,0,0.3) 3%|rgba(0,0,0,0.3) 100%&#8221; background_image=&#8221;https:\/\/storage.googleapis.com\/wp-uploads.bucket.wp.uc3m.es\/wp-content\/uploads\/sites\/70\/2022\/11\/08083818\/37881920924_875a034268_k_d_jpg.jpeg&#8221; background_blend=&#8221;darken&#8221; custom_margin=&#8221;0px||0px|0px|false|false&#8221; custom_padding=&#8221;0px|0px|0px|0px|true|false&#8221; saved_tabs=&#8221;all&#8221; global_colors_info=&#8221;{}&#8221;][et_pb_row _builder_version=&#8221;4.18.0&#8243; custom_margin=&#8221;0px||||false|false&#8221; custom_padding=&#8221;|||&#8221; global_colors_info=&#8221;{}&#8221;][et_pb_column type=&#8221;4_4&#8243; _builder_version=&#8221;4.16&#8243; custom_padding=&#8221;|||&#8221; global_colors_info=&#8221;{}&#8221; custom_padding__hover=&#8221;|||&#8221;][et_pb_divider show_divider=&#8221;off&#8221; _builder_version=&#8221;4.18.0&#8243; _module_preset=&#8221;default&#8221; width=&#8221;100%&#8221; custom_margin=&#8221;35px|0px|35px|0px|false|false&#8221; custom_padding=&#8221;35px||35px||false|false&#8221; global_colors_info=&#8221;{}&#8221;][\/et_pb_divider][et_pb_text _builder_version=&#8221;4.18.0&#8243; text_font=&#8221;|600|||||||&#8221; text_text_color=&#8221;#FFFFFF&#8221; text_font_size=&#8221;100px&#8221; text_line_height=&#8221;1em&#8221; ul_font=&#8221;||||||||&#8221; header_font=&#8221;||||||||&#8221; header_2_font=&#8221;Roboto|700|||||||&#8221; header_2_font_size=&#8221;45px&#8221; header_2_line_height=&#8221;1.2em&#8221; header_3_font=&#8221;||||||||&#8221; text_orientation=&#8221;center&#8221; max_width=&#8221;1000px&#8221; max_width_last_edited=&#8221;off|desktop&#8221; module_alignment=&#8221;center&#8221; custom_margin=&#8221;0px|0px|0px|0px|false|false&#8221; custom_padding=&#8221;0px|0px|0px|0px|false|false&#8221; hover_enabled=&#8221;0&#8243; header_2_font_size_tablet=&#8221;35px&#8221; header_2_font_size_phone=&#8221;28px&#8221; header_2_font_size_last_edited=&#8221;on|phone&#8221; global_colors_info=&#8221;{}&#8221; sticky_enabled=&#8221;0&#8243; text_text_shadow_style=&#8221;preset2&#8243;]<\/p>\n<p><strong>C\u00e1tedras M\u00e1sM\u00f3vil<\/strong><\/p>\n<p>[\/et_pb_text][et_pb_text _builder_version=&#8221;4.18.0&#8243; text_font=&#8221;||||||||&#8221; text_font_size=&#8221;16px&#8221; text_line_height=&#8221;2em&#8221; ul_font=&#8221;||||||||&#8221; header_font=&#8221;||||||||&#8221; header_2_font=&#8221;Roboto|700|||||||&#8221; header_2_font_size=&#8221;45px&#8221; header_2_line_height=&#8221;1.2em&#8221; header_3_font=&#8221;||||||||&#8221; text_orientation=&#8221;center&#8221; max_width=&#8221;1000px&#8221; max_width_last_edited=&#8221;off|desktop&#8221; module_alignment=&#8221;center&#8221; custom_margin=&#8221;5%|0px|5%|0px|false|false&#8221; custom_padding=&#8221;0px||0px|0px|false|false&#8221; hover_enabled=&#8221;0&#8243; header_2_font_size_tablet=&#8221;35px&#8221; header_2_font_size_phone=&#8221;28px&#8221; header_2_font_size_last_edited=&#8221;on|phone&#8221; global_colors_info=&#8221;{}&#8221; sticky_enabled=&#8221;0&#8243; text_text_shadow_style=&#8221;preset1&#8243;]<\/p>\n<p><span style=\"font-size: 18px;color: #ffffff\"><strong>The Applied Artificial Intelligence Group (AAIG) of the Carlos III University of Madrid (UC3M) and the M\u00e1sM\u00f3vil Group have created this C\u00e1tedra to carry out different initiatives related to the application of Artificial Intelligence techniques to solve business problems.ada (GIAA) de la Universidad Carlos III de Madrid (UC3M) y el Grupo M\u00e1sM\u00f3vil han creado esta C\u00e1tedra para llevar a cabo distintas iniciativas relacionadas con la aplicaci\u00f3n de t\u00e9cnicas de Inteligencia Artificial para la resoluci\u00f3n de problemas empresariales.<\/strong><\/span><\/p>\n<p>[\/et_pb_text][et_pb_divider show_divider=&#8221;off&#8221; _builder_version=&#8221;4.18.0&#8243; _module_preset=&#8221;default&#8221; width=&#8221;100%&#8221; custom_margin=&#8221;2%|0px|2%|0px|false|false&#8221; custom_padding=&#8221;2%||2%||false|false&#8221; global_colors_info=&#8221;{}&#8221;][\/et_pb_divider][et_pb_image src=&#8221;https:\/\/storage.googleapis.com\/wp-uploads.bucket.wp.uc3m.es\/wp-content\/uploads\/sites\/70\/2022\/11\/08103306\/Picture1_logo-nuevo-e1667903600630.png&#8221; title_text=&#8221;Picture1_logo nuevo&#8221; align=&#8221;center&#8221; _builder_version=&#8221;4.18.0&#8243; _module_preset=&#8221;default&#8221; custom_margin=&#8221;||0px||false|false&#8221; custom_padding=&#8221;0px||1%||false|false&#8221; hover_enabled=&#8221;0&#8243; global_colors_info=&#8221;{}&#8221; sticky_enabled=&#8221;0&#8243;][\/et_pb_image][\/et_pb_column][\/et_pb_row][\/et_pb_section][et_pb_section fb_built=&#8221;1&#8243; _builder_version=&#8221;4.17.0&#8243; _module_preset=&#8221;default&#8221; global_colors_info=&#8221;{}&#8221;][et_pb_row _builder_version=&#8221;4.17.0&#8243; _module_preset=&#8221;default&#8221; global_colors_info=&#8221;{}&#8221;][et_pb_column type=&#8221;4_4&#8243; _builder_version=&#8221;4.17.0&#8243; _module_preset=&#8221;default&#8221; global_colors_info=&#8221;{}&#8221;][et_pb_text _builder_version=&#8221;4.17.0&#8243; _module_preset=&#8221;default&#8221; global_colors_info=&#8221;{}&#8221;]<\/p>\n<h2>Projects<\/h2>\n<p>[\/et_pb_text][\/et_pb_column][\/et_pb_row][et_pb_row _builder_version=&#8221;4.17.0&#8243; _module_preset=&#8221;default&#8221; global_colors_info=&#8221;{}&#8221;][et_pb_column type=&#8221;4_4&#8243; _builder_version=&#8221;4.17.0&#8243; _module_preset=&#8221;default&#8221; global_colors_info=&#8221;{}&#8221;]<\/p>\n<p>[et_pb_blog fullwidth=&#8221;off&#8221; include_categories=&#8221;4,23,19,5&#8243; show_more=&#8221;on&#8221; show_author=&#8221;off&#8221; show_date=&#8221;off&#8221; show_categories=&#8221;off&#8221; _builder_version=&#8221;4.18.0&#8243; _module_preset=&#8221;default&#8221; border_radii=&#8221;on|6px|6px|6px|6px&#8221; box_shadow_style=&#8221;preset1&#8243; global_colors_info=&#8221;{}&#8221;][\/et_pb_blog]<\/p>\n<p>[\/et_pb_column][\/et_pb_row][\/et_pb_section]<\/p>\n","protected":false},"excerpt":{"rendered":"<p>C\u00e1tedras M\u00e1sM\u00f3vilThe Applied Artificial Intelligence Group (AAIG) of the Carlos III University of Madrid (UC3M) and the M\u00e1sM\u00f3vil Group have created this C\u00e1tedra to carry out different initiatives related to the application of Artificial Intelligence techniques to solve business problems.ada (GIAA) de la Universidad Carlos III de Madrid (UC3M) y el Grupo M\u00e1sM\u00f3vil han creado [&hellip;]<\/p>\n","protected":false},"author":174,"featured_media":0,"parent":0,"menu_order":0,"comment_status":"closed","ping_status":"closed","template":"","meta":{"_et_pb_use_builder":"on","_et_pb_old_content":"","_et_gb_content_width":"","footnotes":""},"class_list":["post-706","page","type-page","status-publish","hentry"],"_links":{"self":[{"href":"https:\/\/catedramasmovil.uc3m.es\/en\/wp-json\/wp\/v2\/pages\/706","targetHints":{"allow":["GET"]}}],"collection":[{"href":"https:\/\/catedramasmovil.uc3m.es\/en\/wp-json\/wp\/v2\/pages"}],"about":[{"href":"https:\/\/catedramasmovil.uc3m.es\/en\/wp-json\/wp\/v2\/types\/page"}],"author":[{"embeddable":true,"href":"https:\/\/catedramasmovil.uc3m.es\/en\/wp-json\/wp\/v2\/users\/174"}],"replies":[{"embeddable":true,"href":"https:\/\/catedramasmovil.uc3m.es\/en\/wp-json\/wp\/v2\/comments?post=706"}],"version-history":[{"count":16,"href":"https:\/\/catedramasmovil.uc3m.es\/en\/wp-json\/wp\/v2\/pages\/706\/revisions"}],"predecessor-version":[{"id":977,"href":"https:\/\/catedramasmovil.uc3m.es\/en\/wp-json\/wp\/v2\/pages\/706\/revisions\/977"}],"wp:attachment":[{"href":"https:\/\/catedramasmovil.uc3m.es\/en\/wp-json\/wp\/v2\/media?parent=706"}],"curies":[{"name":"wp","href":"https:\/\/api.w.org\/{rel}","templated":true}]}}